{"id":145,"date":"2019-12-30T22:57:53","date_gmt":"2019-12-30T21:57:53","guid":{"rendered":"http:\/\/piktorial.com\/?page_id=145"},"modified":"2021-09-03T15:10:43","modified_gmt":"2021-09-03T13:10:43","slug":"o-mnie","status":"publish","type":"page","link":"http:\/\/piktorial.com\/?page_id=145","title":{"rendered":"O mnie"},"content":{"rendered":"<section class=\"wpb-content-wrapper\"><p>[vc_row][vc_column][vc_empty_space height=&#8221;55px&#8221;][\/vc_column][\/vc_row][vc_row content_placement=&#8221;middle&#8221; css_animation=&#8221;none&#8221; type=&#8221;boxed&#8221; css=&#8221;.vc_custom_1578064163610{margin-bottom: 55px !important;}&#8221;][vc_column width=&#8221;1\/2&#8243; css=&#8221;.vc_custom_1578060038277{padding-top: 0px !important;padding-right: 40px !important;padding-bottom: 0px !important;padding-left: 40px !important;}&#8221;][vc_single_image image=&#8221;421&#8243; img_size=&#8221;full&#8221; alignment=&#8221;center&#8221; css=&#8221;.vc_custom_1579523361593{margin-bottom: 20px !important;}&#8221;][\/vc_column][vc_column width=&#8221;1\/2&#8243;][vc_column_text]Jestem krakowiank\u0105 z dziada pradziada. Urodzi\u0142am si\u0119 w czasach, w kt\u00f3rych istnia\u0142 Bar Smok na Dworcu G\u0142\u00f3wnym, a p\u0142yta chodnikowa na Rynku by\u0142a chybotliwa i zwiastowa\u0142a w deszczu niezapowiedzian\u0105 k\u0105piel. To tak\u017ce czasy budek z frytkami ci\u0119tymi na miejscu, podawanymi w tutce z Gazety Krakowskiej, kt\u00f3re soli\u0142o si\u0119 wprost ze s\u0142oika z przedziurkowan\u0105 rdzewiej\u0105c\u0105 zakr\u0119tk\u0105.\u00a0To zapach o\u0142owianych czcionek i emocji podczas jazdy zewn\u0119trzn\u0105, a\u017curow\u0105 wind\u0105 w drukarni Dziennika Polskiego, w kt\u00f3rej pracowa\u0142a moja mama. Moje dzieci\u0144stwo to tak\u017ce obraz kr\u00f3w pas\u0105cych si\u0119 na B\u0142oniach i smak pysznych krem\u00f3wek sprzedawanych nieopodal w Hotelu Cracovia.<\/p>\n<p>Zreszt\u0105 temat hoteli\u2026 Dwa z nich, Cracovia i Forum, mieszcz\u0105ce si\u0119 w ikonicznych architektonicznie bry\u0142ach by\u0142y chlub\u0105 lat 70. i 80. Dla dziecka, jakim w\u00f3wczas by\u0142am, wej\u015bcie do foyer Forum by\u0142o jak l\u0105dowanie na Ksi\u0119\u017cycu. Wielka szkoda, i\u017c nie mia\u0142am jeszcze poj\u0119cia o uwiecznianiu emocji i chwil inaczej ni\u017c pami\u0119\u0107 podr\u0119czna obraz\u00f3w, kt\u00f3ra z wiekiem p\u0142owieje. Pr\u00f3buj\u0119 zatem odnale\u017a\u0107 obiektywem miejsca z dzieci\u0144stwa: zau\u0142ki, witryny, padaj\u0105ce promienie s\u0142o\u0144ca i wsp\u00f3\u0142graj\u0105cy z nimi cie\u0144 na budynkach, kocich \u0142bach, bo przecie\u017c to si\u0119 nie zmienia\u2026<\/p>\n<p>Wci\u0105\u017c, podgl\u0105daj\u0105c lepszych, ucz\u0119 si\u0119 zatrzymywa\u0107 kadr. Moje fotografie Krakowa, czy innych miejsc, to manifest subiektywizmu.\u00a0Odwiedzam kilka ukochanych przeze mnie miejsc w Europie, w kt\u00f3rych rejestruj\u0119 Nikonem Z6 i Fuji X100T obrazy, cienie i kszta\u0142ty, architektur\u0119, sztuk\u0119. Kocham Wenecj\u0119 i Pary\u017c. Ma\u0142o oryginalnie? Uwielbiam tak\u017ce Jaros\u0142aw i L\u0105dek Zdr\u00f3j.<span class=\"Apple-converted-space\">\u00a0<\/span><\/p>\n<p>Wsp\u00f3\u0142pracuj\u0119 r\u00f3wnie\u017c w obszarze dzia\u0142a\u0144 promocyjnych, kreacji wizerunku organizacji, tak\u017ce poprzez aspekt spo\u0142ecznie odpowiedzialnego biznesu CSR i aktywnego marketingu internetowego.<\/p>\n<p>Pami\u0119taj Digital first!<\/p>\n<p>Zapraszam gor\u0105co do wsp\u00f3\u0142pracy, do wymiany do\u015bwiadcze\u0144 w tak pi\u0119knej dziedzinie sztuki jak\u0105 jest fotografia.[\/vc_column_text][\/vc_column][\/vc_row]<\/p>\n<\/section>","protected":false},"excerpt":{"rendered":"<p>[vc_row][vc_column][vc_empty_space height=&#8221;55px&#8221;][\/vc_column][\/vc_row][vc_row content_placement=&#8221;middle&#8221; css_animation=&#8221;none&#8221; type=&#8221;boxed&#8221; css=&#8221;.vc_custom_1578064163610{margin-bottom: 55px !important;}&#8221;][vc_column width=&#8221;1\/2&#8243; css=&#8221;.vc_custom_1578060038277{padding-top: 0px !important;padding-right: 40px !important;padding-bottom: 0px !important;padding-left: 40px !important;}&#8221;][vc_single_image image=&#8221;421&#8243; img_size=&#8221;full&#8221; alignment=&#8221;center&#8221; css=&#8221;.vc_custom_1579523361593{margin-bottom: 20px !important;}&#8221;][\/vc_column][vc_column width=&#8221;1\/2&#8243;][vc_column_text]Jestem krakowiank\u0105 z dziada pradziada. Urodzi\u0142am si\u0119 w czasach, w kt\u00f3rych istnia\u0142 Bar Smok na Dworcu G\u0142\u00f3wnym, a p\u0142yta chodnikowa na Rynku by\u0142a chybotliwa i zwiastowa\u0142a w deszczu niezapowiedzian\u0105 k\u0105piel. To [&hellip;]<\/p>\n","protected":false},"author":1,"featured_media":0,"parent":0,"menu_order":0,"comment_status":"closed","ping_status":"closed","template":"","meta":[],"_links":{"self":[{"href":"http:\/\/piktorial.com\/index.php?rest_route=\/wp\/v2\/pages\/145"}],"collection":[{"href":"http:\/\/piktorial.com\/index.php?rest_route=\/wp\/v2\/pages"}],"about":[{"href":"http:\/\/piktorial.com\/index.php?rest_route=\/wp\/v2\/types\/page"}],"author":[{"embeddable":true,"href":"http:\/\/piktorial.com\/index.php?rest_route=\/wp\/v2\/users\/1"}],"replies":[{"embeddable":true,"href":"http:\/\/piktorial.com\/index.php?rest_route=%2Fwp%2Fv2%2Fcomments&post=145"}],"version-history":[{"count":40,"href":"http:\/\/piktorial.com\/index.php?rest_route=\/wp\/v2\/pages\/145\/revisions"}],"predecessor-version":[{"id":749,"href":"http:\/\/piktorial.com\/index.php?rest_route=\/wp\/v2\/pages\/145\/revisions\/749"}],"wp:attachment":[{"href":"http:\/\/piktorial.com\/index.php?rest_route=%2Fwp%2Fv2%2Fmedia&parent=145"}],"curies":[{"name":"wp","href":"https:\/\/api.w.org\/{rel}","templated":true}]}}